{"id":2,"date":"2026-04-22T08:40:29","date_gmt":"2026-04-22T08:40:29","guid":{"rendered":"http:\/\/localhost\/?page_id=2"},"modified":"2026-04-22T08:43:48","modified_gmt":"2026-04-22T08:43:48","slug":"altin-fiyatlari","status":"publish","type":"page","link":"https:\/\/www.hasaltinfiyatlari.com\/","title":{"rendered":"Alt\u0131n Fiyatlar\u0131"},"content":{"rendered":"    <div class=\"ak-finans-wrap \">\n        <div class=\"ak-finans-table-scroll\">\n            <table class=\"ak-finans-table\">\n                <thead>\n                    <tr>\n                        <th>Ad<\/th>\n                        <th>Al\u0131\u015f<\/th>\n                        <th>Sat\u0131\u015f<\/th>\n                        <th>De\u011fi\u015fim<\/th>\n                        <th>G\u00fcncelleme<\/th>\n                    <\/tr>\n                <\/thead>\n                <tbody>\n                                                                    <tr>\n                            <td>Has Alt\u0131n<\/td>\n                            <td>6.829,16<\/td>\n                            <td>6.875,90<\/td>\n                            <td class=\"is-up\">\n                                +0.4                            <\/td>\n                            <td>15:17<\/td>\n                        <\/tr>\n                                                                    <tr>\n                            <td>Gram<\/td>\n                            <td>6.795,02<\/td>\n                            <td>6.920,89<\/td>\n                            <td class=\"is-up\">\n                                +0.4                            <\/td>\n                            <td>15:17<\/td>\n                        <\/tr>\n                                                                    <tr>\n                            <td>Ons<\/td>\n                            <td>4.748,35<\/td>\n                            <td>4.748,35<\/td>\n                            <td class=\"is-up\">\n                                +0.6                            <\/td>\n                            <td>15:17<\/td>\n                        <\/tr>\n                                                                    <tr>\n                            <td>\u00c7eyrek<\/td>\n                            <td>11.057,26<\/td>\n                            <td>11.322,76<\/td>\n                            <td class=\"is-down\">\n                                -0.27                            <\/td>\n                            <td>15:17<\/td>\n                        <\/tr>\n                                                                    <tr>\n                            <td>Ata Cumhuriyet<\/td>\n                            <td>45.348,60<\/td>\n                            <td>46.640,98<\/td>\n                            <td class=\"is-up\">\n                                +0.4                            <\/td>\n                            <td>15:17<\/td>\n                        <\/tr>\n                                                                    <tr>\n                            <td>K\u00fcl\u00e7e<\/td>\n                            <td>6.795,02<\/td>\n                            <td>6.841,52<\/td>\n                            <td class=\"is-up\">\n                                +0.4                            <\/td>\n                            <td>15:17<\/td>\n                        <\/tr>\n                                                                    <tr>\n                            <td>22 Ayar Hurda<\/td>\n                            <td>6.227,99<\/td>\n                            <td>6.270,62<\/td>\n                            <td class=\"is-up\">\n                                +0.4                            <\/td>\n                            <td>15:17<\/td>\n                        <\/tr>\n                                                                    <tr>\n                            <td>18 Ayar<\/td>\n                            <td>4.707,51<\/td>\n                            <td>5.156,93<\/td>\n                            <td class=\"is-up\">\n                                +0.4                            <\/td>\n                            <td>15:17<\/td>\n                        <\/tr>\n                                                                    <tr>\n                            <td>14 Ayar<\/td>\n                            <td>3.826,87<\/td>\n                            <td>4.022,40<\/td>\n                            <td class=\"is-up\">\n                                +0.4                            <\/td>\n                            <td>15:17<\/td>\n                        <\/tr>\n                                                                    <tr>\n                            <td>Yar\u0131m<\/td>\n                            <td>21.967,65<\/td>\n                            <td>22.724,97<\/td>\n                            <td class=\"is-down\">\n                                -0.7                            <\/td>\n                            <td>15:17<\/td>\n                        <\/tr>\n                                                                    <tr>\n                            <td>Teklik<\/td>\n                            <td>43.909,00<\/td>\n                            <td>45.149,77<\/td>\n                            <td class=\"is-down\">\n                                -0.28                            <\/td>\n                            <td>15:17<\/td>\n                        <\/tr>\n                                                                    <tr>\n                            <td>Gremse<\/td>\n                            <td>109.520,39<\/td>\n                            <td>112.786,15<\/td>\n                            <td class=\"is-down\">\n                                -0.13                            <\/td>\n                            <td>15:17<\/td>\n                        <\/tr>\n                                                                    <tr>\n                            <td>Gremse Be\u015fli<\/td>\n                            <td>217.593,96<\/td>\n                            <td>237.204,06<\/td>\n                            <td class=\"is-up\">\n                                +0.4                            <\/td>\n                            <td>15:17<\/td>\n                        <\/tr>\n                                                                    <tr>\n                            <td>Ata Be\u015fli<\/td>\n                            <td>223.920,82<\/td>\n                            <td>232.113,80<\/td>\n                            <td class=\"is-up\">\n                                +0.4                            <\/td>\n                            <td>15:17<\/td>\n                        <\/tr>\n                                                                    <tr>\n                            <td>Resat<\/td>\n                            <td>44.766,10<\/td>\n                            <td>48.950,53<\/td>\n                            <td class=\"is-up\">\n                                +0.4                            <\/td>\n                            <td>15:17<\/td>\n                        <\/tr>\n                                                                    <tr>\n                            <td>Hamit<\/td>\n                            <td>44.766,10<\/td>\n                            <td>48.950,53<\/td>\n                            <td class=\"is-up\">\n                                +0.4                            <\/td>\n                            <td>15:17<\/td>\n                        <\/tr>\n                                                                    <tr>\n                            <td>G\u00fcm\u00fc\u015f Ons<\/td>\n                            <td>78,01<\/td>\n                            <td>78,01<\/td>\n                            <td class=\"is-up\">\n                                +1.79                            <\/td>\n                            <td>15:17<\/td>\n                        <\/tr>\n                                                                    <tr>\n                            <td>USDKG<\/td>\n                            <td>151.684<\/td>\n                            <td>152.243<\/td>\n                            <td class=\"is-up\">\n                                +0.41                            <\/td>\n                            <td>15:17<\/td>\n                        <\/tr>\n                                                                    <tr>\n                            <td>EURKG<\/td>\n                            <td>129.461<\/td>\n                            <td>129.990<\/td>\n                            <td class=\"is-up\">\n                                +0.4                            <\/td>\n                            <td>15:17<\/td>\n                        <\/tr>\n                                                                    <tr>\n                            <td>TRYKG<\/td>\n                            <td>6.795.247<\/td>\n                            <td>6.841.755<\/td>\n                            <td class=\"is-up\">\n                                +0.41                            <\/td>\n                            <td>15:17<\/td>\n                        <\/tr>\n                                    <\/tbody>\n            <\/table>\n        <\/div>\n    <\/div>\n\n    <style>\n        .ak-finans-wrap{\n            width:100%;\n            margin:16px 0;\n        }\n\n        .ak-finans-table-scroll{\n            width:100%;\n            overflow-x:auto;\n            -webkit-overflow-scrolling:touch;\n        }\n\n        .ak-finans-table{\n            width:100%;\n            min-width:560px;\n            border-collapse:collapse;\n            font-size:14px;\n        }\n\n        .ak-finans-table th,\n        .ak-finans-table td{\n            border:1px solid #e5e7eb;\n            padding:10px 12px;\n            text-align:left;\n            white-space:nowrap;\n        }\n\n        .ak-finans-table th{\n            background:#f8fafc;\n            font-weight:600;\n        }\n\n        .ak-finans-table .is-up{\n            color:#0a8f3d;\n            font-weight:600;\n        }\n\n        .ak-finans-table .is-down{\n            color:#c62828;\n            font-weight:600;\n        }\n\n        .ak-finans-table .is-flat{\n            color:#555;\n            font-weight:600;\n        }\n\n        .ak-finans-error{\n            padding:12px;\n            border:1px solid #f1c0c0;\n            background:#fff5f5;\n        }\n\n        @media (max-width: 767px){\n            .ak-finans-table{\n                min-width:520px;\n                font-size:13px;\n            }\n\n            .ak-finans-table th,\n            .ak-finans-table td{\n                padding:8px 10px;\n            }\n        }\n    <\/style>\n    \n","protected":false},"excerpt":{"rendered":"","protected":false},"author":1,"featured_media":0,"parent":0,"menu_order":0,"comment_status":"closed","ping_status":"closed","template":"","meta":{"footnotes":""},"class_list":["post-2","page","type-page","status-publish","hentry","entry"],"_links":{"self":[{"href":"https:\/\/www.hasaltinfiyatlari.com\/index.php?rest_route=\/wp\/v2\/pages\/2","targetHints":{"allow":["GET"]}}],"collection":[{"href":"https:\/\/www.hasaltinfiyatlari.com\/index.php?rest_route=\/wp\/v2\/pages"}],"about":[{"href":"https:\/\/www.hasaltinfiyatlari.com\/index.php?rest_route=\/wp\/v2\/types\/page"}],"author":[{"embeddable":true,"href":"https:\/\/www.hasaltinfiyatlari.com\/index.php?rest_route=\/wp\/v2\/users\/1"}],"replies":[{"embeddable":true,"href":"https:\/\/www.hasaltinfiyatlari.com\/index.php?rest_route=%2Fwp%2Fv2%2Fcomments&post=2"}],"version-history":[{"count":0,"href":"https:\/\/www.hasaltinfiyatlari.com\/index.php?rest_route=\/wp\/v2\/pages\/2\/revisions"}],"wp:attachment":[{"href":"https:\/\/www.hasaltinfiyatlari.com\/index.php?rest_route=%2Fwp%2Fv2%2Fmedia&parent=2"}],"curies":[{"name":"wp","href":"https:\/\/api.w.org\/{rel}","templated":true}]}}